{"id":1662,"date":"2018-10-30T18:50:49","date_gmt":"2018-10-30T16:50:49","guid":{"rendered":"http:\/\/kalasatamanimu.fi\/?page_id=1662"},"modified":"2018-10-30T18:50:49","modified_gmt":"2018-10-30T16:50:49","slug":"plastforpackningar","status":"publish","type":"page","link":"https:\/\/kalasatamanimu.fi\/sv\/forstasida\/nyt-saa-luukuttaa\/plastforpackningar\/","title":{"rendered":"Plastf\u00f6rpackningar"},"content":{"rendered":"<p>Tomma, rena och torra livsmedelsf\u00f6rpackningar av plast, plastf\u00f6rpackningar f\u00f6r tv\u00e4ttmedel, schampo och tv\u00e5l, flaskor, kanistrar och burkar av plast, plastkassar, -p\u00e5sar och -omslag. Korkar, lock och pumpdelar separat.<\/p>\n<h3>Kom ih\u00e5g att!<\/h3>\n<p>L\u00e4gg plastf\u00f6rpackningar i r\u00f6ret i en plastp\u00e5se.<\/p>\n","protected":false},"excerpt":{"rendered":"<p>Tomma, rena och torra livsmedelsf\u00f6rpackningar av plast, plastf\u00f6rpackningar f\u00f6r tv\u00e4ttmedel, schampo och tv\u00e5l, flaskor, kanistrar och burkar av plast, plastkassar, -p\u00e5sar och -omslag. Korkar, lock\u2026<\/p>\n","protected":false},"author":11,"featured_media":1620,"parent":299,"menu_order":5,"comment_status":"closed","ping_status":"closed","template":"","meta":{"_acf_changed":false,"footnotes":""},"class_list":["post-1662","page","type-page","status-publish","has-post-thumbnail","hentry"],"acf":[],"_links":{"self":[{"href":"https:\/\/kalasatamanimu.fi\/sv\/wp-json\/wp\/v2\/pages\/1662","targetHints":{"allow":["GET"]}}],"collection":[{"href":"https:\/\/kalasatamanimu.fi\/sv\/wp-json\/wp\/v2\/pages"}],"about":[{"href":"https:\/\/kalasatamanimu.fi\/sv\/wp-json\/wp\/v2\/types\/page"}],"author":[{"embeddable":true,"href":"https:\/\/kalasatamanimu.fi\/sv\/wp-json\/wp\/v2\/users\/11"}],"replies":[{"embeddable":true,"href":"https:\/\/kalasatamanimu.fi\/sv\/wp-json\/wp\/v2\/comments?post=1662"}],"version-history":[{"count":1,"href":"https:\/\/kalasatamanimu.fi\/sv\/wp-json\/wp\/v2\/pages\/1662\/revisions"}],"predecessor-version":[{"id":1663,"href":"https:\/\/kalasatamanimu.fi\/sv\/wp-json\/wp\/v2\/pages\/1662\/revisions\/1663"}],"up":[{"embeddable":true,"href":"https:\/\/kalasatamanimu.fi\/sv\/wp-json\/wp\/v2\/pages\/299"}],"wp:featuredmedia":[{"embeddable":true,"href":"https:\/\/kalasatamanimu.fi\/sv\/wp-json\/wp\/v2\/media\/1620"}],"wp:attachment":[{"href":"https:\/\/kalasatamanimu.fi\/sv\/wp-json\/wp\/v2\/media?parent=1662"}],"curies":[{"name":"wp","href":"https:\/\/api.w.org\/{rel}","templated":true}]}}