{"id":2082,"date":"2021-11-15T15:50:03","date_gmt":"2021-11-15T13:50:03","guid":{"rendered":"https:\/\/kalasatamanimu.fi\/?page_id=2082"},"modified":"2026-02-12T13:54:37","modified_gmt":"2026-02-12T11:54:37","slug":"for-byggherrar-och-disponenter","status":"publish","type":"page","link":"https:\/\/kalasatamanimu.fi\/sv\/kontakt\/for-byggherrar-och-disponenter\/","title":{"rendered":"F\u00f6r byggherrar och disponenter"},"content":{"rendered":"<h2>INSTRUKTIONER<\/h2>\n<p>Planeringsanvisningen \u00e4r avsedd f\u00f6r planerare och byggherrar f\u00f6r fastigheter som ska anslutas till r\u00f6rinsamlingssystem f\u00f6r avfall. Anvisningen \u00e4r avsedd f\u00f6r skissplanering av objektet, och den kan inte anses vara en bindande, objektspecifik planeringsanvisning. Planeringsanvisningen f\u00e5s genom att ta kontakt med teknisk manager Aleksi Viren (<a href=\"mailto:aleksi.viren@putkikerays.fi\">aleksi.viren@putkikerays.fi<\/a>).<\/p>\n<p>Caverion Suomi Oy ansvarar f\u00f6r planering, byggande och underh\u00e5ll av r\u00f6rinsamlingssystem med livscykelansvarsprincipen. I planerings\u00e4renden \u00e4r planeringschef Henri Mylly (<a href=\"mailto:henri.mylly@caverion.com\">henri.mylly@caverion.com<\/a>) kontaktperson och i byggnads\u00e4renden projektchef Harri Heikkil\u00e4 (<a href=\"mailto:harri.heikkila@caverion.com\">harri.heikkila@caverion.com<\/a>).<\/p>\n","protected":false},"excerpt":{"rendered":"<p>INSTRUKTIONER Planeringsanvisningen \u00e4r avsedd f\u00f6r planerare och byggherrar f\u00f6r fastigheter som ska anslutas till r\u00f6rinsamlingssystem f\u00f6r avfall. Anvisningen \u00e4r avsedd f\u00f6r skissplanering av objektet, och\u2026<\/p>\n","protected":false},"author":16,"featured_media":0,"parent":1350,"menu_order":0,"comment_status":"closed","ping_status":"closed","template":"page-contact-2.php","meta":{"_acf_changed":false,"footnotes":""},"class_list":["post-2082","page","type-page","status-publish","hentry"],"acf":[],"_links":{"self":[{"href":"https:\/\/kalasatamanimu.fi\/sv\/wp-json\/wp\/v2\/pages\/2082","targetHints":{"allow":["GET"]}}],"collection":[{"href":"https:\/\/kalasatamanimu.fi\/sv\/wp-json\/wp\/v2\/pages"}],"about":[{"href":"https:\/\/kalasatamanimu.fi\/sv\/wp-json\/wp\/v2\/types\/page"}],"author":[{"embeddable":true,"href":"https:\/\/kalasatamanimu.fi\/sv\/wp-json\/wp\/v2\/users\/16"}],"replies":[{"embeddable":true,"href":"https:\/\/kalasatamanimu.fi\/sv\/wp-json\/wp\/v2\/comments?post=2082"}],"version-history":[{"count":10,"href":"https:\/\/kalasatamanimu.fi\/sv\/wp-json\/wp\/v2\/pages\/2082\/revisions"}],"predecessor-version":[{"id":3592,"href":"https:\/\/kalasatamanimu.fi\/sv\/wp-json\/wp\/v2\/pages\/2082\/revisions\/3592"}],"up":[{"embeddable":true,"href":"https:\/\/kalasatamanimu.fi\/sv\/wp-json\/wp\/v2\/pages\/1350"}],"wp:attachment":[{"href":"https:\/\/kalasatamanimu.fi\/sv\/wp-json\/wp\/v2\/media?parent=2082"}],"curies":[{"name":"wp","href":"https:\/\/api.w.org\/{rel}","templated":true}]}}