{"id":248,"date":"2012-05-22T10:41:44","date_gmt":"2012-05-22T07:41:44","guid":{"rendered":"http:\/\/dev.imu.solidangle.fi\/etusivu-2\/"},"modified":"2021-11-15T15:36:18","modified_gmt":"2021-11-15T13:36:18","slug":"forstasida","status":"publish","type":"page","link":"https:\/\/kalasatamanimu.fi\/sv\/","title":{"rendered":"F\u00f6rstasida"},"content":{"rendered":"","protected":false},"excerpt":{"rendered":"<p>Det g\u00e5r i ett r\u00f6r<\/p>\n","protected":false},"author":11,"featured_media":1672,"parent":0,"menu_order":5,"comment_status":"closed","ping_status":"closed","template":"","meta":{"_acf_changed":false,"footnotes":""},"class_list":["post-248","page","type-page","status-publish","has-post-thumbnail","hentry"],"acf":[],"_links":{"self":[{"href":"https:\/\/kalasatamanimu.fi\/sv\/wp-json\/wp\/v2\/pages\/248","targetHints":{"allow":["GET"]}}],"collection":[{"href":"https:\/\/kalasatamanimu.fi\/sv\/wp-json\/wp\/v2\/pages"}],"about":[{"href":"https:\/\/kalasatamanimu.fi\/sv\/wp-json\/wp\/v2\/types\/page"}],"author":[{"embeddable":true,"href":"https:\/\/kalasatamanimu.fi\/sv\/wp-json\/wp\/v2\/users\/11"}],"replies":[{"embeddable":true,"href":"https:\/\/kalasatamanimu.fi\/sv\/wp-json\/wp\/v2\/comments?post=248"}],"version-history":[{"count":17,"href":"https:\/\/kalasatamanimu.fi\/sv\/wp-json\/wp\/v2\/pages\/248\/revisions"}],"predecessor-version":[{"id":2072,"href":"https:\/\/kalasatamanimu.fi\/sv\/wp-json\/wp\/v2\/pages\/248\/revisions\/2072"}],"wp:featuredmedia":[{"embeddable":true,"href":"https:\/\/kalasatamanimu.fi\/sv\/wp-json\/wp\/v2\/media\/1672"}],"wp:attachment":[{"href":"https:\/\/kalasatamanimu.fi\/sv\/wp-json\/wp\/v2\/media?parent=248"}],"curies":[{"name":"wp","href":"https:\/\/api.w.org\/{rel}","templated":true}]}}