{"id":328,"date":"2012-05-22T13:47:34","date_gmt":"2012-05-22T10:47:34","guid":{"rendered":"http:\/\/dev.imu.solidangle.fi\/etusivu\/nyt-saa-luukuttaa\/kerayskartonki\/"},"modified":"2013-10-30T10:18:29","modified_gmt":"2013-10-30T08:18:29","slug":"kerayskartonki","status":"publish","type":"page","link":"https:\/\/kalasatamanimu.fi\/sv\/forstasida\/nyt-saa-luukuttaa\/kerayskartonki\/","title":{"rendered":"Kartong"},"content":{"rendered":"<p>Mj\u00f6lk- och juicekartonger, paket f\u00f6r flingor och kex, socker- och mj\u00f6lp\u00e5sar, kartonger f\u00f6r konditorivaror, \u00e4ggkartonger, kartong runt flaskor, papphylsor, plastbelagda omslagspapper, papperskassar<\/p>\n<h3>Kom ih\u00e5g!<\/h3>\n<p>Sk\u00f6lj kartonger som haft v\u00e4tska i sig efter anv\u00e4ndning, platta till och placera dem inuti varandra. L\u00e4gg pizzakartonger i r\u00f6ret endast om du rivit dem mindre<\/p>\n","protected":false},"excerpt":{"rendered":"<p>Mj\u00f6lk- och juicekartonger, paket f\u00f6r flingor och kex, socker- och mj\u00f6lp\u00e5sar, kartonger f\u00f6r konditorivaror, \u00e4ggkartonger, kartong runt flaskor, papphylsor, plastbelagda omslagspapper, papperskassar Kom ih\u00e5g! Sk\u00f6lj\u2026<\/p>\n","protected":false},"author":11,"featured_media":1650,"parent":299,"menu_order":3,"comment_status":"closed","ping_status":"closed","template":"","meta":{"_acf_changed":false,"footnotes":""},"class_list":["post-328","page","type-page","status-publish","has-post-thumbnail","hentry"],"acf":[],"_links":{"self":[{"href":"https:\/\/kalasatamanimu.fi\/sv\/wp-json\/wp\/v2\/pages\/328","targetHints":{"allow":["GET"]}}],"collection":[{"href":"https:\/\/kalasatamanimu.fi\/sv\/wp-json\/wp\/v2\/pages"}],"about":[{"href":"https:\/\/kalasatamanimu.fi\/sv\/wp-json\/wp\/v2\/types\/page"}],"author":[{"embeddable":true,"href":"https:\/\/kalasatamanimu.fi\/sv\/wp-json\/wp\/v2\/users\/11"}],"replies":[{"embeddable":true,"href":"https:\/\/kalasatamanimu.fi\/sv\/wp-json\/wp\/v2\/comments?post=328"}],"version-history":[{"count":5,"href":"https:\/\/kalasatamanimu.fi\/sv\/wp-json\/wp\/v2\/pages\/328\/revisions"}],"predecessor-version":[{"id":1044,"href":"https:\/\/kalasatamanimu.fi\/sv\/wp-json\/wp\/v2\/pages\/328\/revisions\/1044"}],"up":[{"embeddable":true,"href":"https:\/\/kalasatamanimu.fi\/sv\/wp-json\/wp\/v2\/pages\/299"}],"wp:featuredmedia":[{"embeddable":true,"href":"https:\/\/kalasatamanimu.fi\/sv\/wp-json\/wp\/v2\/media\/1650"}],"wp:attachment":[{"href":"https:\/\/kalasatamanimu.fi\/sv\/wp-json\/wp\/v2\/media?parent=328"}],"curies":[{"name":"wp","href":"https:\/\/api.w.org\/{rel}","templated":true}]}}